{"id":56451,"date":"2024-01-04T11:21:51","date_gmt":"2024-01-04T16:21:51","guid":{"rendered":"https:\/\/santamariadelapaz.org\/wp\/?page_id=56451"},"modified":"2024-08-10T08:35:22","modified_gmt":"2024-08-10T13:35:22","slug":"elementor-56451","status":"publish","type":"page","link":"https:\/\/santamariadelapaz.org\/wp\/elementor-56451\/","title":{"rendered":"Audioteca"},"content":{"rendered":"<style>\/*! elementor - v3.19.0 - 07-02-2024 *\/\n.elementor-heading-title{padding:0;margin:0;line-height:1}.elementor-widget-heading .elementor-heading-title[class*=elementor-size-]>a{color:inherit;font-size:inherit;line-height:inherit}.elementor-widget-heading .elementor-heading-title.elementor-size-small{font-size:15px}.elementor-widget-heading .elementor-heading-title.elementor-size-medium{font-size:19px}.elementor-widget-heading .elementor-heading-title.elementor-size-large{font-size:29px}.elementor-widget-heading .elementor-heading-title.elementor-size-xl{font-size:39px}.elementor-widget-heading .elementor-heading-title.elementor-size-xxl{font-size:59px}<\/style>\n<h2>Programaci\u00f3n a la carta<\/h2>\n<link rel=\"stylesheet\" href=\"https:\/\/santamariadelapaz.org\/wp\/wp-content\/plugins\/elementor-pro\/assets\/css\/widget-flip-box.min.css\">\n\t\t\t\t\t\t\t\tAqu\u00ed encontrar\u00e1s nuestros programas dedicados a la actualidad y sucesos noticiosos de la iglesias, adem\u00e1s de programas informativos sobre nuestra emisora.<br \/>\n\t\t\t\t\t\t\t\t\t\t\t<a href=\"https:\/\/santamariadelapaz.org\/wp\/informacion\/\" target=\"_blank\" rel=\"noopener\"><br \/>\n\t\t\t\t\t\t\tHaz clic aqu\u00ed\t\t\t\t\t\t<\/a><br \/>\n\t\t\t\t\t\t\t\tAqu\u00ed encontrar\u00e1s todos nuestra programaci\u00f3n devocional como El Rosario, Las Novenas, entre otros.<br \/>\n\t\t\t\t\t\t\tDevociones de la santa iglesia<br \/>\n\t\t\t\t\t\t\t\t\t\t\t<a href=\"https:\/\/santamariadelapaz.org\/wp\/meditaciones\/\" target=\"_blank\" rel=\"noopener\"><br \/>\n\t\t\t\t\t\t\tHaz clic aqu\u00ed\t\t\t\t\t\t<\/a><br \/>\n\t\t\t\t\t\t\t\tAqu\u00ed encontrar\u00e1s nuestros programas dedicados a la formaci\u00f3n cristiana y al crecimiento de nuestra vida espiritual<br \/>\n\t\t\t\t\t\t\tCursos, charlas, lecciones.<br \/>\n\t\t\t\t\t\t\t\t\t\t\t<a href=\"https:\/\/santamariadelapaz.org\/wp\/serie-especial-del-mes\/\" target=\"_blank\" rel=\"noopener\"><br \/>\n\t\t\t\t\t\t\tHaz clic aqu\u00ed\t\t\t\t\t\t<\/a><\/p>\n","protected":false},"excerpt":{"rendered":"<p>Programaci\u00f3n a la carta Aqu\u00ed encontrar\u00e1s nuestros programas dedicados a la actualidad y sucesos noticiosos de la iglesias, adem\u00e1s de programas informativos sobre nuestra emisora. Haz clic aqu\u00ed Aqu\u00ed encontrar\u00e1s todos nuestra programaci\u00f3n devocional como El Rosario, Las Novenas, entre otros. Devociones de la santa iglesia Haz clic aqu\u00ed Aqu\u00ed encontrar\u00e1s nuestros programas dedicados a [&hellip;]<\/p>\n","protected":false},"author":1,"featured_media":0,"parent":0,"menu_order":0,"comment_status":"closed","ping_status":"closed","template":"elementor_header_footer","meta":{"footnotes":""},"class_list":["post-56451","page","type-page","status-publish","hentry"],"_links":{"self":[{"href":"https:\/\/santamariadelapaz.org\/wp\/wp-json\/wp\/v2\/pages\/56451","targetHints":{"allow":["GET"]}}],"collection":[{"href":"https:\/\/santamariadelapaz.org\/wp\/wp-json\/wp\/v2\/pages"}],"about":[{"href":"https:\/\/santamariadelapaz.org\/wp\/wp-json\/wp\/v2\/types\/page"}],"author":[{"embeddable":true,"href":"https:\/\/santamariadelapaz.org\/wp\/wp-json\/wp\/v2\/users\/1"}],"replies":[{"embeddable":true,"href":"https:\/\/santamariadelapaz.org\/wp\/wp-json\/wp\/v2\/comments?post=56451"}],"version-history":[{"count":29,"href":"https:\/\/santamariadelapaz.org\/wp\/wp-json\/wp\/v2\/pages\/56451\/revisions"}],"predecessor-version":[{"id":58644,"href":"https:\/\/santamariadelapaz.org\/wp\/wp-json\/wp\/v2\/pages\/56451\/revisions\/58644"}],"wp:attachment":[{"href":"https:\/\/santamariadelapaz.org\/wp\/wp-json\/wp\/v2\/media?parent=56451"}],"curies":[{"name":"wp","href":"https:\/\/api.w.org\/{rel}","templated":true}]}}